{"id":21041,"date":"2021-05-26T13:54:42","date_gmt":"2021-05-26T16:54:42","guid":{"rendered":"http:\/\/memoriamslufrgs.online\/tainacan\/?page_id=21041"},"modified":"2024-03-01T12:48:34","modified_gmt":"2024-03-01T15:48:34","slug":"publicacoes","status":"publish","type":"page","link":"https:\/\/memoriamslufrgs.online\/tainacan\/publicacoes\/","title":{"rendered":"Publica\u00e7\u00f5es sobre o Programa Museologia na UFRGS: trajet\u00f3rias e mem\u00f3rias ou a partir de suas cole\u00e7\u00f5es"},"content":{"rendered":"\n<p>FARIA, Ana Carolina Gelmini de. As exposi\u00e7\u00f5es curriculares no processo de curriculariza\u00e7\u00e3o da extens\u00e3o universit\u00e1ria: um di\u00e1logo direto com a sociedade. <strong>Revista Museologia &amp; Interdisciplinaridade<\/strong>, v. 12, p. 136-163, 2023.<\/p>\n\n\n\n<p><a href=\"https:\/\/periodicos.unb.br\/index.php\/museologia\/article\/view\/46621\">https:\/\/periodicos.unb.br\/index.php\/museologia\/article\/view\/46621<\/a><\/p>\n\n\n\n<p>LEINDECKER, G. M. ; MATTIA, G. M. C. ; MASSONI, L. F. ;\u00a0AQUINO, V. B. T.\u00a0; MACHADO, E. P. . EMARANHADO: reflex\u00f5es sobre a cibercultura atrav\u00e9s de uma exposi\u00e7\u00e3o curricular em formato digital. <strong>Revista Museologia &amp; Interdisciplinaridade<\/strong>, v. 12, p. 207-233, 2023. <\/p>\n\n\n\n<p><a href=\"https:\/\/periodicos.unb.br\/index.php\/museologia\/article\/view\/47797\">https:\/\/periodicos.unb.br\/index.php\/museologia\/article\/view\/47797<\/a><\/p>\n\n\n\n<p>FARIA, Ana Carolina Gelmini de; GIOVANAZ, Marlise Maria; BERTOTTO, M\u00e1rcia Regina; AQUINO, Vanessa Barrozo Teixeira. Garimpando mem\u00f3rias do Curso de Museologia da UFRGS: reminisc\u00eancias de uma forma\u00e7\u00e3o universit\u00e1ria. <strong>MUSEOLOGIA E PATRIM\u00d4NIO<\/strong>, v. 2, p. 141-168, 2022.<\/p>\n\n\n\n<p><a href=\"http:\/\/revistamuseologiaepatrimonio.mast.br\/index.php\/ppgpmus\/article\/view\/961\">http:\/\/revistamuseologiaepatrimonio.mast.br\/index.php\/ppgpmus\/article\/view\/961<\/a><\/p>\n\n\n\n<p><\/p>\n\n\n\n<p>FARIA, Ana Carolina Gelmini de; SILVA, Ana Celina Figueira. A indissociabilidade entre ensino, pesquisa e extens\u00e3o a partir da documenta\u00e7\u00e3o museol\u00f3gica: as experi\u00eancias do curso de Museologia da UFRGS. <strong>Revista Museologia &amp; Interdisciplinaridade<\/strong>, v. esp, p. 19-41, 2022.<\/p>\n\n\n\n<p><a href=\"https:\/\/periodicos.unb.br\/index.php\/museologia\/article\/view\/41422\">https:\/\/periodicos.unb.br\/index.php\/museologia\/article\/view\/41422<\/a><\/p>\n\n\n\n<p><\/p>\n\n\n\n<p>FARIA, Ana Carolina Gelmini de; PEREIRA, Er\u00e1clito. Quando objetos ganham voz: o curso de Museologia da UFRGS pelas rela\u00e7\u00f5es de afeto produzidas na viv\u00eancia universit\u00e1ria. <strong>RIDPHE_R REVISTA IBEROAMERICANA DO PATRIM\u00d4NIO HIST\u00d3RICO-EDUCATIVO<\/strong>, v. 8, p. e022004, 2022.<\/p>\n\n\n\n<p><a href=\"https:\/\/econtents.bc.unicamp.br\/inpec\/index.php\/ridphe\/article\/view\/16005\/11304\">https:\/\/econtents.bc.unicamp.br\/inpec\/index.php\/ridphe\/article\/view\/16005\/11304<\/a><\/p>\n\n\n\n<p><\/p>\n\n\n\n<p>ALBARENQUE, Klara Maciel. Afetividades Sonoras: garimpando vest\u00edgios da hist\u00f3ria do ensino de Museologia na UFRGS. In: 5\u00ba Semin\u00e1rio Brasileiro de Museologia &#8211; SEBRAMUS. <strong>Caderno de Resumos<\/strong>, Porto Alegre, 2022. p.287.<\/p>\n\n\n\n<p><a href=\"https:\/\/www.ufrgs.br\/5sebramus\/wp-content\/uploads\/2023\/03\/caderno-de-resumos-On-line-revisado-3.pdf\">Link do Caderno de Resumos<\/a><\/p>\n\n\n\n<p><\/p>\n\n\n\n<p>MINEIRO, Rafaela Marques. Observat\u00f3rio Museologia\/UFRGS: trajet\u00f3rias e mem\u00f3rias. In: 5\u00ba Semin\u00e1rio Brasileiro de Museologia &#8211; SEBRAMUS. <strong>Caderno de Resumos<\/strong>, Porto Alegre, 2022. p.285.<\/p>\n\n\n\n<p><a href=\"https:\/\/www.ufrgs.br\/5sebramus\/wp-content\/uploads\/2023\/03\/caderno-de-resumos-On-line-revisado-3.pdf\">Link do Caderno de Resumos<\/a><\/p>\n\n\n\n<p><\/p>\n\n\n\n<p>WERLANG, Vitoria; GIOVANAZ, Marlise. Nega L\u00fa :um frenesi na maldita Porto Alegre &#8211; vest\u00edgios de um processo criativo.  In: 5\u00ba Semin\u00e1rio Brasileiro de Museologia &#8211; SEBRAMUS. <strong>Caderno de Resumos<\/strong>, Porto Alegre, 2022. p.110.<\/p>\n\n\n\n<p><a href=\"https:\/\/www.ufrgs.br\/5sebramus\/wp-content\/uploads\/2023\/03\/caderno-de-resumos-On-line-revisado-3.pdf\">Link do Caderno de Resumos<\/a><\/p>\n\n\n\n<p>FARIA, Ana Carolina Gelmini de; GIOVANAZ, Marlise. Nega L\u00fa: um frenesi na maldita Porto Alegre. <strong>Revista Museologia &amp; Interdisciplinaridade<\/strong>, v. 11, p. 107-124, 2022.<\/p>\n\n\n\n<p><a href=\"https:\/\/periodicos.unb.br\/index.php\/museologia\/article\/view\/41265\">https:\/\/periodicos.unb.br\/index.php\/museologia\/article\/view\/41265<\/a><\/p>\n\n\n\n<p>FARIA, Ana Carolina Gelmini de; GOMES; Diogo Santos; GIOVANAZ, Marlise. Afetividades sonoras \u2013 cria\u00e7\u00e3o, registro e difus\u00e3o de narrativas orais no Programa de Extens\u00e3o Museologia na UFRGS: Trajet\u00f3rias e Mem\u00f3rias. <strong>Revista Eletr\u00f4nica Ventilando Acervos<\/strong>, Florian\u00f3polis, v. especial, n. 1, p. 37-50, jul. 2021.<\/p>\n\n\n\n<p><a href=\"https:\/\/ventilandoacervos.museus.gov.br\/wp-content\/uploads\/2021\/08\/A3-Carol-Gelmini.pdf\">https:\/\/ventilandoacervos.museus.gov.br\/wp-content\/uploads\/2021\/08\/A3-Carol-Gelmini.pdf<\/a><\/p>\n\n\n\n<p><\/p>\n\n\n\n<p>FARIA, Ana Carolina Gelmini de; SILVA, Ana Celina Figueira da; GOMES, Diogo Santos. EXERC\u00cdCIOS MUSEAIS COM O PATRIM\u00d4NIO UNIVERSIT\u00c1RIO DA UFRGS: A\u00c7\u00d5ES EM PROL DA PRESERVA\u00c7\u00c3O E DIVULGA\u00c7\u00c3O DE ACERVOS DE CAR\u00c1TER MUSEOL\u00d3GICO. <strong>REVISTA CPC (USP)<\/strong>, v. 15, p. 321-347, 2020.<\/p>\n\n\n\n<p><a href=\"https:\/\/www.revistas.usp.br\/cpc\/article\/view\/171702\">https:\/\/www.revistas.usp.br\/cpc\/article\/view\/171702<\/a><\/p>\n\n\n\n<p><\/p>\n\n\n\n<p>OLIVEIRA, Priscila Chagas; ROSA, Alahna Santos da. Comunica\u00e7\u00e3o Museol\u00f3gica e Cibercultura: Projeto &#8220;Museologia na UFRGS&#8221; no Facebook. <em>In:<\/em> <strong>Anais do IV Semin\u00e1rio Brasileiro de Museologia<\/strong>, 2020. Bras\u00edlia: Universidade de Bras\u00edlia, Faculdade de Ci\u00eancia da Informa\u00e7\u00e3o, 2020.<\/p>\n\n\n\n<p><a href=\"https:\/\/drive.google.com\/file\/d\/1qR8-Q7zVbcn76CzRjMvnwvzcsH-EaLfn\/view\">https:\/\/drive.google.com\/file\/d\/1qR8-Q7zVbcn76CzRjMvnwvzcsH-EaLfn\/view<\/a><\/p>\n\n\n\n<p><\/p>\n\n\n\n<p>FARIA, Ana Carolina Gelmini de; GIOVANAZ, Marlise; MACHADO, Elias Palminor. Museologia na UFRGS: Trajet\u00f3rias e Mem\u00f3rias &#8211; preservando vest\u00edgios de uma forma\u00e7\u00e3o. <em>In: <\/em><strong>Caderno de Resumos do IV Semin\u00e1rio Brasileiro de Museologia, 2020<\/strong>. Bras\u00edlia: Universidade de Bras\u00edlia, Faculdade de Ci\u00eancia da Informa\u00e7\u00e3o, 2020.<\/p>\n\n\n\n<p><a href=\"https:\/\/drive.google.com\/file\/d\/1jz2iMK6FXwR4wKzSLikKbf29FhqKAhaN\/view\">https:\/\/drive.google.com\/file\/d\/1jz2iMK6FXwR4wKzSLikKbf29FhqKAhaN\/view<\/a><\/p>\n\n\n\n<p><\/p>\n\n\n\n<p>Museologia na UFRGS: Trajet\u00f3rias e mem\u00f3rias. Entrevistados: Ana Carolina Gelmini de Faria e Diogo Santos Gomes. Entrevistadores: Arthur Bonfim, Gabriela D\u2019Andrea e Lucas Petry. [S. l.]:<em>&nbsp;Farol &#8211; Conex\u00f5es da Informa\u00e7\u00e3o<\/em>. 30 set. 2020. Podcast. <\/p>\n\n\n\n<p><a href=\"https:\/\/open.spotify.com\/episode\/78xCHlrbaBWQFWcHH7lkfj?si=OoE3y18dRpSJucOWLQOWkw&amp;dl_branch=1\">https:\/\/open.spotify.com\/episode\/78xCHlrbaBWQFWcHH7lkfj<\/a><\/p>\n\n\n\n<p><\/p>\n\n\n\n<p>FARIA, Ana Carolina Gelmini de; SILVA, Ana Celina Figueira da; MACHADO, Elias Palminor. GEST\u00c3O DE COLE\u00c7\u00d5ES UNIVERSIT\u00c1RIAS DA UFRGS: PROPOSTAS DE GEST\u00c3O DE ACERVOS DE CAR\u00c1TER MUSEOL\u00d3GICO EM REDE. <strong>VENTILANDO ACERVOS<\/strong>, v. 7, p. 1-13, 2019.<\/p>\n\n\n\n<p><a href=\"https:\/\/ventilandoacervos.museus.gov.br\/wp-content\/uploads\/2020\/02\/06-Artigo-Ana-Carolina-Gelmini.pdf\">Link de acesso<\/a><\/p>\n\n\n\n<p><\/p>\n\n\n\n<p>FARIA, Ana Carolina Gelmini de; MACHADO, Elias Palminor; SILVA, Ana Celina Figueira da; GIOVANAZ, Marlise. Museologia na UFRGS : trajet\u00f3rias e mem\u00f3rias: estrat\u00e9gias de preserva\u00e7\u00e3o e difus\u00e3o de um patrim\u00f4nio da Educa\u00e7\u00e3o Superior por meio do reposit\u00f3rio digital Tainacan. <strong>Revista Museologia &amp; Interdisciplinaridade<\/strong>, v. 8, p. 83-195, 2019.<\/p>\n\n\n\n<p><a href=\"https:\/\/periodicos.unb.br\/index.php\/museologia\/article\/view\/23254\">https:\/\/periodicos.unb.br\/index.php\/museologia\/article\/view\/23254<\/a><\/p>\n\n\n\n<p><\/p>\n\n\n\n<p>FARIA, Ana Carolina Gelmini de; AGNES, Lourdes Maria; GOMES, Diogo Santos. GEST\u00c3O DA INFORMA\u00c7\u00c3O DE MEM\u00d3RIAS INSTITUCIONAIS: o projeto? Museologia na UFRGS: Trajet\u00f3rias e Mem\u00f3rias? In: VIII ENCONTRO DE ESTUDOS SOBRE CI\u00caNCIA, TECNOLOGIA E GEST\u00c3O DA INFORMA\u00c7\u00c3O, 2019, Recife. <strong>VII Encontro sobre Ci\u00eancia, Tecnologia e Gest\u00e3o da Informa\u00e7\u00e3o<\/strong>. Recife: N\u00e9ctar, 2018. v. 1. p. 300-305.<\/p>\n\n\n\n<p><a href=\"https:\/\/www.researchgate.net\/publication\/331260896_VIII_Encontro_sobre_Ciencia_Tecnologia_e_Gestao_da_Informacao_ENEGI_Industria_da_Informacao_Tecnologia_e_Inovacao_no_Seculo_XXI\">https:\/\/www.researchgate.net\/publication\/331260896_VIII_Encontro_sobre_Ciencia_Tecnologia_e_Gestao_da_Informacao_ENEGI_Industria_da_Informacao_Tecnologia_e_Inovacao_no_Seculo_XXI<\/a><\/p>\n\n\n\n<p><\/p>\n\n\n\n<p><\/p>\n\n\n\n<p><\/p>\n\n\n\n<p><\/p>\n","protected":false},"excerpt":{"rendered":"<p>FARIA, Ana Carolina Gelmini de. As exposi\u00e7\u00f5es curriculares no processo de curriculariza\u00e7\u00e3o da extens\u00e3o universit\u00e1ria: um di\u00e1logo direto com a sociedade. Revista Museologia &amp; Interdisciplinaridade, v. 12, p. 136-163, 2023. https:\/\/periodicos.unb.br\/index.php\/museologia\/article\/view\/46621 LEINDECKER, G. M. ; MATTIA, G. M. C. ; MASSONI, L. F. ;\u00a0AQUINO, V. B. T.\u00a0; MACHADO, E. P. . EMARANHADO: reflex\u00f5es sobre a [&hellip;]<\/p>\n","protected":false},"author":10,"featured_media":0,"parent":0,"menu_order":0,"comment_status":"closed","ping_status":"closed","template":"","meta":{"_monsterinsights_skip_tracking":false,"_monsterinsights_sitenote_active":false,"_monsterinsights_sitenote_note":"","_monsterinsights_sitenote_category":0,"footnotes":""},"class_list":["post-21041","page","type-page","status-publish","hentry"],"aioseo_notices":[],"_links":{"self":[{"href":"https:\/\/memoriamslufrgs.online\/tainacan\/wp-json\/wp\/v2\/pages\/21041","targetHints":{"allow":["GET"]}}],"collection":[{"href":"https:\/\/memoriamslufrgs.online\/tainacan\/wp-json\/wp\/v2\/pages"}],"about":[{"href":"https:\/\/memoriamslufrgs.online\/tainacan\/wp-json\/wp\/v2\/types\/page"}],"author":[{"embeddable":true,"href":"https:\/\/memoriamslufrgs.online\/tainacan\/wp-json\/wp\/v2\/users\/10"}],"replies":[{"embeddable":true,"href":"https:\/\/memoriamslufrgs.online\/tainacan\/wp-json\/wp\/v2\/comments?post=21041"}],"version-history":[{"count":13,"href":"https:\/\/memoriamslufrgs.online\/tainacan\/wp-json\/wp\/v2\/pages\/21041\/revisions"}],"predecessor-version":[{"id":62425,"href":"https:\/\/memoriamslufrgs.online\/tainacan\/wp-json\/wp\/v2\/pages\/21041\/revisions\/62425"}],"wp:attachment":[{"href":"https:\/\/memoriamslufrgs.online\/tainacan\/wp-json\/wp\/v2\/media?parent=21041"}],"curies":[{"name":"wp","href":"https:\/\/api.w.org\/{rel}","templated":true}]}}