{"id":4006,"date":"2018-11-13T17:11:00","date_gmt":"2018-11-13T19:11:00","guid":{"rendered":"http:\/\/memoriamslufrgs.online\/tainacan\/?page_id=4006"},"modified":"2023-02-22T09:52:07","modified_gmt":"2023-02-22T12:52:07","slug":"inicio","status":"publish","type":"page","link":"https:\/\/memoriamslufrgs.online\/tainacan\/","title":{"rendered":"In\u00edcio"},"content":{"rendered":"<p>O curso de bacharelado em Museologia da Universidade Federal do Rio Grande do Sul (UFRGS) \u00e9 uma forma\u00e7\u00e3o recente, mas j\u00e1 tem muita hist\u00f3ria para compartilhar. A gradua\u00e7\u00e3o teve autoriza\u00e7\u00e3o de funcionamento em sess\u00e3o do Conselho Universit\u00e1rio de 20 de julho de 2007 e, em 2008, foi realizado o vestibular com o ingresso da primeira turma. Em meados de 2015, um grupo de seus professores iniciou a discuss\u00e3o e os estudos necess\u00e1rios para elaborar o projeto de cria\u00e7\u00e3o do Programa de P\u00f3s-Gradua\u00e7\u00e3o em Museologia e Patrim\u00f4nio. No final de fevereiro de 2016, iniciou a tramita\u00e7\u00e3o na Universidade do processo para oferta do Mestrado Acad\u00eamico em Museologia e Patrim\u00f4nio, que, uma vez aprovado em maio de 2016, foi enviado \u00e0 CAPES, que, em janeiro de 2017, o credenciou no \u00e2mbito do sistema nacional de p\u00f3s-gradua\u00e7\u00e3o.<\/p>\n<p>Em 2017 discentes, docentes, egressos e t\u00e9cnicos-administrativos iniciaram um debate sobre os dez anos da gradua\u00e7\u00e3o, que ocorreria no pr\u00f3ximo ano, e poss\u00edveis atividades de curta, m\u00e9dia e longa dura\u00e7\u00e3o para celebrar a data e refletir acerca dos itiner\u00e1rios percorridos, bem como futuras estrat\u00e9gias de a\u00e7\u00e3o. Nesse contexto foi identificado que ind\u00edcios do curso n\u00e3o estavam sendo preservados e que estes se caracterizariam como um acervo vinculado \u00e0 hist\u00f3ria da Museologia brasileira.<\/p>\n<p>A partir desse diagn\u00f3stico foi desenvolvido o programa de extens\u00e3o <strong>Museologia na UFRGS: trajet\u00f3rias e mem\u00f3rias<\/strong>, que tem por objetivo geral preservar as evid\u00eancias materiais e as mem\u00f3rias do ensino em Museologia na UFRGS. Para alcan\u00e7\u00e1-lo pretendemos recuperar os vest\u00edgios vinculados \u00e0 forma\u00e7\u00e3o; identificar os diferentes agentes que fizeram e fazem parte dessa trajet\u00f3ria; preservar os diferentes registros que evocam mem\u00f3rias; e sociabilizar a hist\u00f3ria da forma\u00e7\u00e3o em Museologia nessa universidade.<\/p>\n<p>Em 2022 foi elaborado o projeto de pesquisa&nbsp;<strong>Observat\u00f3rio Museologia\/UFRGS: trajet\u00f3rias e mem\u00f3rias <\/strong>a fim de investigar a participa\u00e7\u00e3o de agentes que atuaram\/atuam na forma\u00e7\u00e3o em Museologia da Universidade Federal do Rio Grande do Sul (UFRGS) \u2013 discentes, docentes, egressos e corpo t\u00e9cnico administrativo, bem como o impacto de suas contribui\u00e7\u00f5es em prol da legitima\u00e7\u00e3o e difus\u00e3o da Museologia e dos museus em n\u00edvel regional, nacional e internacional. Tendo por desafio mapear rela\u00e7\u00f5es poss\u00edveis de serem evocadas em evid\u00eancias produzidas no cotidiano da forma\u00e7\u00e3o em Museologia na UFRGS, cabe por meio dessa proposta de pesquisa organizar a mem\u00f3ria document\u00e1ria e problematiz\u00e1-la enquanto fontes de informa\u00e7\u00e3o, produzindo novas fontes, conhecimentos e panoramas do ensino em Museologia no Brasil. Pretende-se, assim, construir diferentes frentes de pesquisas de avalia\u00e7\u00e3o, a fim de obter informa\u00e7\u00f5es espec\u00edficas sobre a forma\u00e7\u00e3o de habilidades e compet\u00eancias do profissional muse\u00f3logo nessa Universidade.<\/p>\n<p>Convidamos a todos a participarem ativamente da recupera\u00e7\u00e3o e constru\u00e7\u00e3o dessa hist\u00f3ria, que \u00e9 nossa. Percorram os vest\u00edgios, rememorem suas trajet\u00f3rias acad\u00eamicas, nos ajudem a mapear a Museologia da UFRGS!<\/p>\n","protected":false},"excerpt":{"rendered":"<p>O curso de bacharelado em Museologia da Universidade Federal do Rio Grande do Sul (UFRGS) \u00e9 uma forma\u00e7\u00e3o recente, mas j\u00e1 tem muita hist\u00f3ria para compartilhar. A gradua\u00e7\u00e3o teve autoriza\u00e7\u00e3o de funcionamento em sess\u00e3o do Conselho Universit\u00e1rio de 20 de julho de 2007 e, em 2008, foi realizado o vestibular com o ingresso da primeira [&hellip;]<\/p>\n","protected":false},"author":10,"featured_media":0,"parent":0,"menu_order":0,"comment_status":"closed","ping_status":"closed","template":"","meta":{"_monsterinsights_skip_tracking":false,"_monsterinsights_sitenote_active":false,"_monsterinsights_sitenote_note":"","_monsterinsights_sitenote_category":0,"footnotes":""},"class_list":["post-4006","page","type-page","status-publish","hentry"],"aioseo_notices":[],"_links":{"self":[{"href":"https:\/\/memoriamslufrgs.online\/tainacan\/wp-json\/wp\/v2\/pages\/4006","targetHints":{"allow":["GET"]}}],"collection":[{"href":"https:\/\/memoriamslufrgs.online\/tainacan\/wp-json\/wp\/v2\/pages"}],"about":[{"href":"https:\/\/memoriamslufrgs.online\/tainacan\/wp-json\/wp\/v2\/types\/page"}],"author":[{"embeddable":true,"href":"https:\/\/memoriamslufrgs.online\/tainacan\/wp-json\/wp\/v2\/users\/10"}],"replies":[{"embeddable":true,"href":"https:\/\/memoriamslufrgs.online\/tainacan\/wp-json\/wp\/v2\/comments?post=4006"}],"version-history":[{"count":15,"href":"https:\/\/memoriamslufrgs.online\/tainacan\/wp-json\/wp\/v2\/pages\/4006\/revisions"}],"predecessor-version":[{"id":43285,"href":"https:\/\/memoriamslufrgs.online\/tainacan\/wp-json\/wp\/v2\/pages\/4006\/revisions\/43285"}],"wp:attachment":[{"href":"https:\/\/memoriamslufrgs.online\/tainacan\/wp-json\/wp\/v2\/media?parent=4006"}],"curies":[{"name":"wp","href":"https:\/\/api.w.org\/{rel}","templated":true}]}}