{"id":4280,"date":"2018-11-21T11:22:37","date_gmt":"2018-11-21T13:22:37","guid":{"rendered":"http:\/\/memoriamslufrgs.online\/tainacan\/?page_id=4280"},"modified":"2024-07-10T15:15:19","modified_gmt":"2024-07-10T18:15:19","slug":"exposicoes-curriculares","status":"publish","type":"page","link":"https:\/\/memoriamslufrgs.online\/tainacan\/colecao\/exposicoes-curriculares\/","title":{"rendered":"Exposi\u00e7\u00f5es Curriculares"},"content":{"rendered":"<p>A cole\u00e7\u00e3o <a href=\"http:\/\/memoriamslufrgs.online\/tainacan\/exposicoes-curriculares\"><em>Exposi\u00e7\u00f5es Curriculares<\/em> (MSL4<\/a>) prop\u00f5e reunir registros vinculados \u00e0s duas disciplinas obrigat\u00f3rias de cria\u00e7\u00e3o, desenvolvimento e execu\u00e7\u00e3o de uma exposi\u00e7\u00e3o curricular: BIB03215. <em>Projeto de Curadoria Expogr\u00e1fica<\/em> e BIB03217. <em>Pr\u00e1tica de Exposi\u00e7\u00f5es Museol\u00f3gicas<\/em>. A cole\u00e7\u00e3o compreende: projetos de curadoria, materiais gr\u00e1ficos gerados para a exposi\u00e7\u00e3o, registros fotogr\u00e1ficos, m\u00eddias digitais, souvenir, recursos inclusivos, entre outros registros do processo curatorial dos discentes-curadores.<\/p>\n<p>At\u00e9 o ano de 2023 j\u00e1 foram realizadas treze exposi\u00e7\u00f5es curriculares pelo referido curso:<\/p>\n<p>1\u00aa &#8211;\u00a0 <a href=\"https:\/\/memoriamslufrgs.online\/tainacan\/exposicoes-curriculares\/?order=ASC&amp;orderby=meta_value&amp;metakey=1590&amp;view_mode=cards&amp;perpage=12&amp;paged=1&amp;fetch_only=thumbnail%2Ccreation_date%2Ctitle%2Cdescription&amp;fetch_only_meta=&amp;taxquery%5B0%5D%5Btaxonomy%5D=tnc_tax_3130&amp;taxquery%5B0%5D%5Bterms%5D%5B0%5D=354&amp;taxquery%5B0%5D%5Bcompare%5D=IN\">Do Confession\u00e1rio ao Wireless &#8211;\u00a0 Landell de Moura, o padre-inventor<\/a> (1\u00ba semestre de 2011);<\/p>\n<p>2\u00aa &#8211;\u00a0 <a href=\"https:\/\/memoriamslufrgs.online\/tainacan\/exposicoes-curriculares\/?order=ASC&amp;orderby=meta_value&amp;metakey=1590&amp;view_mode=cards&amp;perpage=12&amp;paged=1&amp;fetch_only=thumbnail%2Ccreation_date%2Ctitle%2Cdescription&amp;fetch_only_meta=&amp;taxquery%5B0%5D%5Btaxonomy%5D=tnc_tax_3130&amp;taxquery%5B0%5D%5Bterms%5D%5B0%5D=355&amp;taxquery%5B0%5D%5Bcompare%5D=IN\">Fatos, Lendas e Mitos &#8211;\u00a0 Olhares sobre o imagin\u00e1rio de Porto Alegre<\/a> (2\u00ba semestre de 2011);<\/p>\n<p>3\u00aa &#8211; <a href=\"https:\/\/memoriamslufrgs.online\/tainacan\/exposicoes-curriculares\/?order=ASC&amp;orderby=meta_value&amp;metakey=1590&amp;view_mode=masonry&amp;perpage=12&amp;paged=1&amp;fetch_only=thumbnail%2Ccreation_date%2Ctitle%2Cdescription&amp;fetch_only_meta=&amp;taxquery%5B0%5D%5Btaxonomy%5D=tnc_tax_3130&amp;taxquery%5B0%5D%5Bterms%5D%5B0%5D=356&amp;taxquery%5B0%5D%5Bcompare%5D=IN\">Brinquedo \u00e9 coisa s\u00e9ria<\/a> (2\u00ba semestre de 2012);<\/p>\n<p>4\u00aa &#8211; <a href=\"https:\/\/memoriamslufrgs.online\/tainacan\/exposicoes-curriculares\/?order=ASC&amp;orderby=meta_value&amp;metakey=1590&amp;view_mode=masonry&amp;perpage=12&amp;paged=1&amp;fetch_only=thumbnail%2Ccreation_date%2Ctitle%2Cdescription&amp;fetch_only_meta=&amp;taxquery%5B0%5D%5Btaxonomy%5D=tnc_tax_3130&amp;taxquery%5B0%5D%5Bterms%5D%5B0%5D=357&amp;taxquery%5B0%5D%5Bcompare%5D=IN\">Alices\u00a0 &#8211; Cen\u00e1rios de Vida e Arte<\/a> (2\u00ba semestre de 2013);<\/p>\n<p>5\u00aa &#8211; <a href=\"https:\/\/memoriamslufrgs.online\/tainacan\/exposicoes-curriculares\/?order=ASC&amp;orderby=meta_value&amp;metakey=1590&amp;view_mode=masonry&amp;perpage=12&amp;paged=1&amp;fetch_only=thumbnail%2Ccreation_date%2Ctitle%2Cdescription&amp;fetch_only_meta=&amp;taxquery%5B0%5D%5Btaxonomy%5D=tnc_tax_3130&amp;taxquery%5B0%5D%5Bterms%5D%5B0%5D=358&amp;taxquery%5B0%5D%5Bcompare%5D=IN\">AG\u00d4 \u2013 Presen\u00e7a Negra em Porto Alegre: uma trajet\u00f3ria de resist\u00eancia<\/a> (1\u00ba semestre de 2015);<\/p>\n<p>6\u00aa &#8211; <a href=\"https:\/\/memoriamslufrgs.online\/tainacan\/exposicoes-curriculares\/?order=ASC&amp;orderby=meta_value&amp;metakey=1590&amp;view_mode=masonry&amp;perpage=12&amp;paged=1&amp;fetch_only=thumbnail%2Ccreation_date%2Ctitle%2Cdescription&amp;fetch_only_meta=&amp;taxquery%5B0%5D%5Btaxonomy%5D=tnc_tax_3130&amp;taxquery%5B0%5D%5Bterms%5D%5B0%5D=359&amp;taxquery%5B0%5D%5Bcompare%5D=IN\">KUMIAI \u2013 Entrela\u00e7amentos na Col\u00f4nia Japonesa de Ivoti, RS<\/a>\u00a0 (1\u00ba semestre de 2016);<\/p>\n<p>7\u00aa &#8211; <a href=\"https:\/\/memoriamslufrgs.online\/tainacan\/exposicoes-curriculares\/?order=ASC&amp;orderby=meta_value&amp;metakey=1590&amp;view_mode=masonry&amp;perpage=12&amp;paged=1&amp;fetch_only=thumbnail%2Ccreation_date%2Ctitle%2Cdescription&amp;fetch_only_meta=&amp;taxquery%5B0%5D%5Btaxonomy%5D=tnc_tax_3130&amp;taxquery%5B0%5D%5Bterms%5D%5B0%5D=360&amp;taxquery%5B0%5D%5Bcompare%5D=IN\">N\u00f3s Podemos! A Mulher da submiss\u00e3o \u00e0 subvers\u00e3o<\/a> (1\u00ba semestre de 2017);<\/p>\n<p>8\u00aa &#8211; <a href=\"https:\/\/memoriamslufrgs.online\/tainacan\/exposicoes-curriculares\/?order=ASC&amp;orderby=meta_value&amp;metakey=1590&amp;view_mode=masonry&amp;perpage=12&amp;paged=1&amp;fetch_only=thumbnail%2Ccreation_date%2Ctitle%2Cdescription&amp;fetch_only_meta=&amp;taxquery%5B0%5D%5Btaxonomy%5D=tnc_tax_3130&amp;taxquery%5B0%5D%5Bterms%5D%5B0%5D=361&amp;taxquery%5B0%5D%5Bcompare%5D=IN\">IMENSA MENTE \u2013 Caminhos da Sa\u00fade Mental: do existir ao resistir<\/a> (1\u00ba semestre de 2018);\u00a0<\/p>\n<p>9\u00aa &#8211; <a href=\"https:\/\/memoriamslufrgs.online\/tainacan\/exposicoes-curriculares\/?order=ASC&amp;orderby=meta_value&amp;metakey=1590&amp;view_mode=masonry&amp;perpage=12&amp;paged=1&amp;fetch_only=thumbnail%2Ccreation_date%2Ctitle%2Cdescription&amp;fetch_only_meta=&amp;taxquery%5B0%5D%5Btaxonomy%5D=tnc_tax_3130&amp;taxquery%5B0%5D%5Bterms%5D%5B0%5D=765&amp;taxquery%5B0%5D%5Bcompare%5D=IN\">Tic-tac: nas cordas do tempo<\/a> (1\u00ba semestre de 2019);\u00a0<\/p>\n<p>10\u00aa &#8211; <a href=\"https:\/\/memoriamslufrgs.online\/tainacan\/exposicoes-curriculares\/?order=ASC&amp;orderby=meta_value&amp;metakey=1590&amp;view_mode=masonry&amp;perpage=12&amp;paged=1&amp;fetch_only=thumbnail%2Ccreation_date%2Ctitle%2Cdescription&amp;fetch_only_meta=&amp;taxquery%5B0%5D%5Btaxonomy%5D=tnc_tax_3130&amp;taxquery%5B0%5D%5Bterms%5D%5B0%5D=843&amp;taxquery%5B0%5D%5Bcompare%5D=IN\">No escurinho do cinema: mem\u00f3ria e sociabilidade em Porto Alegre<\/a> (1\u00ba semestre de 2021);<\/p>\n<p>11\u00aa &#8211; <a href=\"https:\/\/memoriamslufrgs.online\/tainacan\/exposicoes-curriculares\/?order=ASC&amp;orderby=meta_value&amp;metakey=1590&amp;view_mode=records&amp;perpage=12&amp;paged=1&amp;fetch_only=thumbnail&amp;fetch_only_meta=1589%2C1590%2C1593%2C3340%2C3332&amp;search=emaranhado&amp;taxquery%5B0%5D%5Btaxonomy%5D=tnc_tax_3130&amp;taxquery%5B0%5D%5Bterms%5D%5B0%5D=975&amp;taxquery%5B0%5D%5Bcompare%5D=IN\">EMARANHADO: reflex\u00f5es sobre a cibercultura<\/a> (2\u00ba semestre de 2021);<\/p>\n<p>12\u00aa &#8211; <a href=\"https:\/\/memoriamslufrgs.online\/tainacan\/exposicoes-curriculares\/?order=ASC&amp;orderby=meta_value&amp;metakey=1590&amp;view_mode=records&amp;perpage=12&amp;fetch_only_meta=1589%2C1590%2C1593%2C3340%2C3332&amp;taxquery%5B0%5D%5Btaxonomy%5D=tnc_tax_3130&amp;taxquery%5B0%5D%5Bterms%5D%5B0%5D=925&amp;taxquery%5B0%5D%5Bcompare%5D=IN&amp;paged=1&amp;fetch_only=thumbnail\">Brasil: vermelho como brasa<\/a> (1\u00ba semestre de 2022); e<\/p>\n<p>13\u00aa &#8211;\u00a0<a href=\"https:\/\/memoriamslufrgs.online\/tainacan\/exposicoes-curriculares\/?order=ASC&amp;orderby=meta_value&amp;metakey=1590&amp;view_mode=records&amp;perpage=12&amp;fetch_only_meta=1589%2C1590%2C1593%2C3340%2C3332&amp;taxquery%5B0%5D%5Btaxonomy%5D=tnc_tax_3130&amp;taxquery%5B0%5D%5Bterms%5D%5B0%5D=1031&amp;taxquery%5B0%5D%5Bcompare%5D=IN&amp;paged=1&amp;fetch_only=thumbnail\">\u201cNo batuque dos Bambas da Orgia \u2013 Folia e resist\u00eancia em Porto Alegre\u201d\u00a0<\/a> (1\u00ba semestre de 2023)\u00a0<\/p>\n\n\n<p><\/p>\n\n\n\n<p><\/p>\n\n\n\n<p><\/p>\n","protected":false},"excerpt":{"rendered":"<p>A cole\u00e7\u00e3o Exposi\u00e7\u00f5es Curriculares (MSL4) prop\u00f5e reunir registros vinculados \u00e0s duas disciplinas obrigat\u00f3rias de cria\u00e7\u00e3o, desenvolvimento e execu\u00e7\u00e3o de uma exposi\u00e7\u00e3o curricular: BIB03215. Projeto de Curadoria Expogr\u00e1fica e BIB03217. Pr\u00e1tica de Exposi\u00e7\u00f5es Museol\u00f3gicas. A cole\u00e7\u00e3o compreende: projetos de curadoria, materiais gr\u00e1ficos gerados para a exposi\u00e7\u00e3o, registros fotogr\u00e1ficos, m\u00eddias digitais, souvenir, recursos inclusivos, entre outros registros [&hellip;]<\/p>\n","protected":false},"author":10,"featured_media":0,"parent":5061,"menu_order":0,"comment_status":"closed","ping_status":"closed","template":"","meta":{"_monsterinsights_skip_tracking":false,"_monsterinsights_sitenote_active":false,"_monsterinsights_sitenote_note":"","_monsterinsights_sitenote_category":0,"footnotes":""},"class_list":["post-4280","page","type-page","status-publish","hentry"],"aioseo_notices":[],"_links":{"self":[{"href":"https:\/\/memoriamslufrgs.online\/tainacan\/wp-json\/wp\/v2\/pages\/4280","targetHints":{"allow":["GET"]}}],"collection":[{"href":"https:\/\/memoriamslufrgs.online\/tainacan\/wp-json\/wp\/v2\/pages"}],"about":[{"href":"https:\/\/memoriamslufrgs.online\/tainacan\/wp-json\/wp\/v2\/types\/page"}],"author":[{"embeddable":true,"href":"https:\/\/memoriamslufrgs.online\/tainacan\/wp-json\/wp\/v2\/users\/10"}],"replies":[{"embeddable":true,"href":"https:\/\/memoriamslufrgs.online\/tainacan\/wp-json\/wp\/v2\/comments?post=4280"}],"version-history":[{"count":34,"href":"https:\/\/memoriamslufrgs.online\/tainacan\/wp-json\/wp\/v2\/pages\/4280\/revisions"}],"predecessor-version":[{"id":79819,"href":"https:\/\/memoriamslufrgs.online\/tainacan\/wp-json\/wp\/v2\/pages\/4280\/revisions\/79819"}],"up":[{"embeddable":true,"href":"https:\/\/memoriamslufrgs.online\/tainacan\/wp-json\/wp\/v2\/pages\/5061"}],"wp:attachment":[{"href":"https:\/\/memoriamslufrgs.online\/tainacan\/wp-json\/wp\/v2\/media?parent=4280"}],"curies":[{"name":"wp","href":"https:\/\/api.w.org\/{rel}","templated":true}]}}