{"id":5061,"date":"2018-12-12T11:00:39","date_gmt":"2018-12-12T13:00:39","guid":{"rendered":"http:\/\/memoriamslufrgs.online\/tainacan\/?page_id=5061"},"modified":"2018-12-13T12:18:03","modified_gmt":"2018-12-13T14:18:03","slug":"colecao","status":"publish","type":"page","link":"https:\/\/memoriamslufrgs.online\/tainacan\/colecao\/","title":{"rendered":"Cole\u00e7\u00f5es"},"content":{"rendered":"<p><strong>Apresenta\u00e7\u00e3o das cole\u00e7\u00f5es<\/strong><\/p>\n<p>A implementa\u00e7\u00e3o da a\u00e7\u00e3o de extens\u00e3o \u201cMuseologia na UFRGS: trajet\u00f3rias e mem\u00f3rias\u201d exigiu da equipe debates sobre a defini\u00e7\u00e3o das cole\u00e7\u00f5es e gest\u00e3o do acervo. Ressaltamos que dois projetos universit\u00e1rios nos inspiraram como modelos norteadores: o N\u00facleo de Mem\u00f3ria da Museologia no Brasil (NUMMUS) da Universidade Federal do Estado do Rio de Janeiro (UNIRIO), por proximidade do objeto de estudo, e o Centro de Mem\u00f3ria do Esporte (CEME) da Universidade Federal do Rio Grande do Sul (UFRGS), por afinidades metodol\u00f3gicas.<\/p>\n<p>O projeto se caracteriza como uma iniciativa de gest\u00e3o de acervo universit\u00e1rio, um estudo piloto para os debates museais de diversas disciplinas a partir do uso do reposit\u00f3rio digital Tainacan, ferramenta de c\u00f3digo aberto voltada para a gest\u00e3o de reposit\u00f3rios digitais desenvolvido pelo laborat\u00f3rio Media Lab da Universidade Federal de Goi\u00e1s (UFG) em parceira com Minist\u00e9rio da Cultura (MinC) e do Instituto Brasileiro de Museus (IBRAM). Para compreender a dimens\u00e3o do acervo sobre a Museologia na UFRGS foram concebidos sete eixos de trabalho:<\/p>\n<p><strong>&#8211; <a href=\"http:\/\/memoriamslufrgs.online\/tainacan\/institucional\">Cole\u00e7\u00e3o Institucional<\/a><\/strong>: estabelece correla\u00e7\u00e3o com sistemas da UFRGS que salvaguardam a documenta\u00e7\u00e3o oficial produzida na fase de planejamento, implanta\u00e7\u00e3o e desenvolvimento do Curso;<\/p>\n<p><strong>&#8211; <a href=\"http:\/\/memoriamslufrgs.online\/tainacan\/ensino\">Cole\u00e7\u00e3o <em>Ensino<\/em><\/a><\/strong>: compreende o patrim\u00f4nio e pr\u00e1ticas educativas, mapeando atividades de ensino constitu\u00eddas no decorrer do Curso;<\/p>\n<p><strong>&#8211; <a href=\"http:\/\/memoriamslufrgs.online\/tainacan\/exposicoes-curriculares\">Cole\u00e7\u00e3o <em>Exposi\u00e7\u00f5es Curriculares<\/em><\/a><\/strong>: preserva ind\u00edcios vinculados \u00e0s duas disciplinas obrigat\u00f3rias de cria\u00e7\u00e3o, desenvolvimento e exibi\u00e7\u00e3o de uma exposi\u00e7\u00e3o curricular: BIB03215. <em>Projeto de Curadoria Expogr\u00e1fica<\/em> e BIB03217. <em>Pr\u00e1tica de Exposi\u00e7\u00f5es Museol\u00f3gicas<\/em>;<\/p>\n<p><strong>&#8211; <a href=\"http:\/\/memoriamslufrgs.online\/tainacan\/pesquisa-e-extensao\">Cole\u00e7\u00e3o <em>Pesquisa e Extens\u00e3o<\/em><\/a><\/strong>: registra a\u00e7\u00f5es, projetos e programas de extens\u00e3o e pesquisa vinculados \u00e0 Museologia;<\/p>\n<p><strong>&#8211; <a href=\"http:\/\/memoriamslufrgs.online\/tainacan\/eventos\">Cole\u00e7\u00e3o <em>Eventos<\/em><\/a><\/strong>: re\u00fane eventos produzidos ou com parceria de representa\u00e7\u00e3o discente, docente e t\u00e9cnico-administrativa vinculada ao Curso;<\/p>\n<p><strong>&#8211; <a href=\"http:\/\/memoriamslufrgs.online\/tainacan\/saidas-de-campo\">Cole\u00e7\u00e3o <em>Sa\u00edda de Campo<\/em><\/a><\/strong>: recolhe registros das viv\u00eancias promovidas pelas sa\u00eddas de campo realizadas;<\/p>\n<p><strong>&#8211; <a href=\"http:\/\/memoriamslufrgs.online\/tainacan\/itinerarios\">Cole\u00e7\u00e3o <em>Itiner\u00e1rios<\/em><\/a><\/strong>: registra entrevistas com agentes que possuem rela\u00e7\u00e3o com o desenvolvimento da Museologia na UFRGS.<\/p>\n<p>Propomos um processo colaborativo das cole\u00e7\u00f5es concebidas, com contribui\u00e7\u00e3o de registros, reconhecimento dos vest\u00edgios e inclus\u00e3o de informa\u00e7\u00f5es que preservem as trajet\u00f3rias e mem\u00f3rias do Curso.<\/p>\n","protected":false},"excerpt":{"rendered":"<p>Apresenta\u00e7\u00e3o das cole\u00e7\u00f5es A implementa\u00e7\u00e3o da a\u00e7\u00e3o de extens\u00e3o \u201cMuseologia na UFRGS: trajet\u00f3rias e mem\u00f3rias\u201d exigiu da equipe debates sobre a defini\u00e7\u00e3o das cole\u00e7\u00f5es e gest\u00e3o do acervo. Ressaltamos que dois projetos universit\u00e1rios nos inspiraram como modelos norteadores: o N\u00facleo de Mem\u00f3ria da Museologia no Brasil (NUMMUS) da Universidade Federal do Estado do Rio de [&hellip;]<\/p>\n","protected":false},"author":10,"featured_media":0,"parent":0,"menu_order":0,"comment_status":"closed","ping_status":"closed","template":"","meta":{"_monsterinsights_skip_tracking":false,"_monsterinsights_sitenote_active":false,"_monsterinsights_sitenote_note":"","_monsterinsights_sitenote_category":0,"footnotes":""},"class_list":["post-5061","page","type-page","status-publish","hentry"],"aioseo_notices":[],"_links":{"self":[{"href":"https:\/\/memoriamslufrgs.online\/tainacan\/wp-json\/wp\/v2\/pages\/5061","targetHints":{"allow":["GET"]}}],"collection":[{"href":"https:\/\/memoriamslufrgs.online\/tainacan\/wp-json\/wp\/v2\/pages"}],"about":[{"href":"https:\/\/memoriamslufrgs.online\/tainacan\/wp-json\/wp\/v2\/types\/page"}],"author":[{"embeddable":true,"href":"https:\/\/memoriamslufrgs.online\/tainacan\/wp-json\/wp\/v2\/users\/10"}],"replies":[{"embeddable":true,"href":"https:\/\/memoriamslufrgs.online\/tainacan\/wp-json\/wp\/v2\/comments?post=5061"}],"version-history":[{"count":4,"href":"https:\/\/memoriamslufrgs.online\/tainacan\/wp-json\/wp\/v2\/pages\/5061\/revisions"}],"predecessor-version":[{"id":13440,"href":"https:\/\/memoriamslufrgs.online\/tainacan\/wp-json\/wp\/v2\/pages\/5061\/revisions\/13440"}],"wp:attachment":[{"href":"https:\/\/memoriamslufrgs.online\/tainacan\/wp-json\/wp\/v2\/media?parent=5061"}],"curies":[{"name":"wp","href":"https:\/\/api.w.org\/{rel}","templated":true}]}}