{"id":5080,"date":"2018-12-12T11:56:54","date_gmt":"2018-12-12T13:56:54","guid":{"rendered":"http:\/\/memoriamslufrgs.online\/tainacan\/?page_id=5080"},"modified":"2024-03-07T17:08:23","modified_gmt":"2024-03-07T20:08:23","slug":"institucional","status":"publish","type":"page","link":"https:\/\/memoriamslufrgs.online\/tainacan\/colecao\/institucional\/","title":{"rendered":"Institucional"},"content":{"rendered":"<p>A <a href=\"https:\/\/memoriamslufrgs.online\/tainacan\/institucional\/\"><strong>c<\/strong><strong>ole\u00e7\u00e3o <em>Institucional <\/em>(MSL1)<\/strong><\/a> tem por proposta preservar documentos que compreendam o planejamento, implanta\u00e7\u00e3o e desenvolvimento da Museologia na UFRGS (atualmente investigando processos de funda\u00e7\u00e3o e desenvolvimento do Curso de Bacharelado em Museologia e Programa de P\u00f3s-Gradua\u00e7\u00e3o em Museologia e Patrim\u00f4nio). Por possuir um car\u00e1ter oficial, visa-se recolher e estabelecer correla\u00e7\u00e3o com sistemas da Universidade Federal do Rio Grande do Sul (UFRGS), a exemplo do Arquivo Institucional da Faculdade de Biblioteconomia e Comunica\u00e7\u00e3o (FABICO).\u00a0Pretende-se mapear e preservar projetos pedag\u00f3gicos, ement\u00e1rios, atualiza\u00e7\u00f5es de curr\u00edculo e outros documentos de car\u00e1ter institucional.<\/p>\n<p>Atualmente, est\u00e1 subdividida em duas cole\u00e7\u00f5es:<\/p>\n<ol>\n<li><a href=\"https:\/\/memoriamslufrgs.online\/tainacan\/institucional\/?order=ASC&amp;orderby=meta_value&amp;metakey=1608&amp;view_mode=cards&amp;perpage=12&amp;fetch_only_meta=&amp;paged=1&amp;fetch_only=thumbnail%2Ccreation_date%2Ctitle%2Cdescription&amp;taxquery%5B0%5D%5Btaxonomy%5D=tnc_tax_3913&amp;taxquery%5B0%5D%5Bterms%5D%5B0%5D=1052&amp;taxquery%5B0%5D%5Bcompare%5D=IN\">Institucional &#8211; Gradua\u00e7\u00e3o<\/a>: vest\u00edgios da formula\u00e7\u00e3o, cria\u00e7\u00e3o e funcionamento do curso de bacharelado em Museologia da UFRGS;<\/li>\n<li><a href=\"https:\/\/memoriamslufrgs.online\/tainacan\/institucional\/?order=ASC&amp;orderby=meta_value&amp;metakey=1608&amp;view_mode=cards&amp;perpage=12&amp;fetch_only_meta=&amp;taxquery%5B0%5D%5Btaxonomy%5D=tnc_tax_3913&amp;taxquery%5B0%5D%5Bterms%5D%5B0%5D=1053&amp;taxquery%5B0%5D%5Bcompare%5D=IN&amp;paged=1&amp;fetch_only=thumbnail%2Ccreation_date%2Ctitle%2Cdescription\">Institucional &#8211; P\u00f3s -Gradua\u00e7\u00e3o em Museologia e Patrim\u00f4nio &#8211; Mestrado<\/a>: vest\u00edgios da formula\u00e7\u00e3o, cria\u00e7\u00e3o e funcionamento do curso de p\u00f3s-gradua\u00e7\u00e3o <em>stricto sensu<\/em>, em n\u00edvel de mestrado.<\/li>\n<\/ol>\n","protected":false},"excerpt":{"rendered":"<p>A cole\u00e7\u00e3o Institucional (MSL1) tem por proposta preservar documentos que compreendam o planejamento, implanta\u00e7\u00e3o e desenvolvimento da Museologia na UFRGS (atualmente investigando processos de funda\u00e7\u00e3o e desenvolvimento do Curso de Bacharelado em Museologia e Programa de P\u00f3s-Gradua\u00e7\u00e3o em Museologia e Patrim\u00f4nio). Por possuir um car\u00e1ter oficial, visa-se recolher e estabelecer correla\u00e7\u00e3o com sistemas da Universidade [&hellip;]<\/p>\n","protected":false},"author":10,"featured_media":0,"parent":5061,"menu_order":0,"comment_status":"closed","ping_status":"closed","template":"","meta":{"_monsterinsights_skip_tracking":false,"_monsterinsights_sitenote_active":false,"_monsterinsights_sitenote_note":"","_monsterinsights_sitenote_category":0,"footnotes":""},"class_list":["post-5080","page","type-page","status-publish","hentry"],"aioseo_notices":[],"_links":{"self":[{"href":"https:\/\/memoriamslufrgs.online\/tainacan\/wp-json\/wp\/v2\/pages\/5080","targetHints":{"allow":["GET"]}}],"collection":[{"href":"https:\/\/memoriamslufrgs.online\/tainacan\/wp-json\/wp\/v2\/pages"}],"about":[{"href":"https:\/\/memoriamslufrgs.online\/tainacan\/wp-json\/wp\/v2\/types\/page"}],"author":[{"embeddable":true,"href":"https:\/\/memoriamslufrgs.online\/tainacan\/wp-json\/wp\/v2\/users\/10"}],"replies":[{"embeddable":true,"href":"https:\/\/memoriamslufrgs.online\/tainacan\/wp-json\/wp\/v2\/comments?post=5080"}],"version-history":[{"count":15,"href":"https:\/\/memoriamslufrgs.online\/tainacan\/wp-json\/wp\/v2\/pages\/5080\/revisions"}],"predecessor-version":[{"id":65623,"href":"https:\/\/memoriamslufrgs.online\/tainacan\/wp-json\/wp\/v2\/pages\/5080\/revisions\/65623"}],"up":[{"embeddable":true,"href":"https:\/\/memoriamslufrgs.online\/tainacan\/wp-json\/wp\/v2\/pages\/5061"}],"wp:attachment":[{"href":"https:\/\/memoriamslufrgs.online\/tainacan\/wp-json\/wp\/v2\/media?parent=5080"}],"curies":[{"name":"wp","href":"https:\/\/api.w.org\/{rel}","templated":true}]}}