{"id":5084,"date":"2018-12-12T11:59:59","date_gmt":"2018-12-12T13:59:59","guid":{"rendered":"http:\/\/memoriamslufrgs.online\/tainacan\/?page_id=5084"},"modified":"2024-03-01T11:56:19","modified_gmt":"2024-03-01T14:56:19","slug":"pesquisa-e-extensao","status":"publish","type":"page","link":"https:\/\/memoriamslufrgs.online\/tainacan\/colecao\/pesquisa-e-extensao\/","title":{"rendered":"Pesquisa e Extens\u00e3o"},"content":{"rendered":"<p>A<strong> cole\u00e7\u00e3o<a href=\"https:\/\/memoriamslufrgs.online\/tainacan\/pesquisa-e-extensao\/?order=ASC&amp;orderby=date&amp;view_mode=table&amp;perpage=12&amp;paged=1&amp;fetch_only=thumbnail&amp;fetch_only_meta=4188%2C4186%2C4178%2C4172%2C4170\"><em> Pesquisa e extens\u00e3o<\/em> (MSL2) <\/a><\/strong>abrange registros produzidos a partir de a\u00e7\u00f5es, projetos e programas de extens\u00e3o e pesquisa vinculados ao Curso de Bacharelado em Museologia e Programa de P\u00f3s-Gradua\u00e7\u00e3o em Museologia e Patrim\u00f4nio da UFRGS.\u00a0A cole\u00e7\u00e3o compreende materiais gr\u00e1ficos gerados para a realiza\u00e7\u00e3o das iniciativas (folder, cat\u00e1logo, livro, anais, convite, entre outros), registros fotogr\u00e1ficos, m\u00eddias digitais (grava\u00e7\u00f5es, compila\u00e7\u00f5es audiovisuais), <em>souvenir<\/em> (a exemplo de canecas, canetas, bottons, adesivos, bolsas, camisas), recursos inclusivos (folders em braille e fonte ampliada, materiais t\u00e1teis, entre outros), premia\u00e7\u00f5es e publica\u00e7\u00f5es de discentes, docentes e t\u00e9cnicos administrativos sobre os resultados aplicados, relat\u00f3rios.<\/p>\n<p>Atualmente a cole\u00e7\u00e3o \u00e9 composta pelas subcole\u00e7\u00f5es:<\/p>\n<ol>\n<li>Projeto de extens\u00e3o <a href=\"https:\/\/memoriamslufrgs.online\/tainacan\/pesquisa-e-extensao\/?order=ASC&amp;orderby=date&amp;view_mode=table&amp;perpage=12&amp;paged=1&amp;fetch_only=thumbnail&amp;fetch_only_meta=4188%2C4186%2C4178%2C4172%2C4170&amp;taxquery%5B0%5D%5Btaxonomy%5D=tnc_tax_4193&amp;taxquery%5B0%5D%5Bterms%5D%5B0%5D=852&amp;taxquery%5B0%5D%5Bcompare%5D=IN\">Leituras da Cidade<\/a> (finalizado): projeto de Educa\u00e7\u00e3o Patrimonial com vistas \u00e0 forma\u00e7\u00e3o de graduandos dos cursos de Hist\u00f3ria, Museologia e Pedagogia da UFRGS e educadores da rede de ensino de Porto Alegre, tendo como objeto de estudo e a\u00e7\u00e3o pedag\u00f3gica o Centro Hist\u00f3rico de Porto Alegre, em especial, e a cidade como um todo.<\/li>\n<li>Projeto de extens\u00e3o <a href=\"https:\/\/memoriamslufrgs.online\/tainacan\/pesquisa-e-extensao\/?order=ASC&amp;orderby=date&amp;view_mode=table&amp;perpage=12&amp;paged=1&amp;fetch_only=thumbnail&amp;fetch_only_meta=4188%2C4186%2C4178%2C4172%2C4170&amp;taxquery%5B0%5D%5Btaxonomy%5D=tnc_tax_4193&amp;taxquery%5B0%5D%5Bterms%5D%5B0%5D=894&amp;taxquery%5B0%5D%5Bcompare%5D=IN\">Esta terra AINDA tem dono<\/a> (finalizado): mostra expogr\u00e1fica de debates da disciplina de Teoria Museol\u00f3gica do curso de Museologia, vinculada ao programa de extens\u00e3o Laborat\u00f3rio de Cria\u00e7\u00e3o Museogr\u00e1fica (CRIAMUS), convergidos ao olhar cr\u00edtico presente na visita t\u00e9cnica \u00e0s ru\u00ednas de S\u00e3o Miguel das Miss\u00f5es, em junho de 2018.<\/li>\n<li>Projeto de extens\u00e3o <a href=\"https:\/\/memoriamslufrgs.online\/tainacan\/pesquisa-e-extensao\/?order=ASC&amp;orderby=date&amp;view_mode=table&amp;perpage=12&amp;paged=1&amp;fetch_only=thumbnail&amp;fetch_only_meta=4188%2C4186%2C4178%2C4172%2C4170&amp;taxquery%5B0%5D%5Btaxonomy%5D=tnc_tax_4193&amp;taxquery%5B0%5D%5Bterms%5D%5B0%5D=895&amp;taxquery%5B0%5D%5Bcompare%5D=IN\">Nega L\u00fa: um frenesi na maldita Porto Alegre<\/a> (finalizado): exposi\u00e7\u00e3o realizada com a gradua\u00e7\u00e3o em Museologia e Programa de P\u00f3s-Gradua\u00e7\u00e3o em Museologia e Patrim\u00f4nio da UFRGS em parceria do nuances &#8211; grupo pela livre express\u00e3o sexual, que em 2021 completou 30 anos atuando pelos direitos da comunidade LGBT ga\u00facha. Tal iniciativa integrou o projeto contemplado no edital Eu Sou Respeito do Minist\u00e9rio P\u00fablico Federal, decorrente da movimenta\u00e7\u00e3o motivada pelo nuances ap\u00f3s o fechamento da exposi\u00e7\u00e3o QueerMuseu em 2017.<\/li>\n<\/ol>\n\n\n<p><\/p>\n","protected":false},"excerpt":{"rendered":"<p>A cole\u00e7\u00e3o Pesquisa e extens\u00e3o (MSL2) abrange registros produzidos a partir de a\u00e7\u00f5es, projetos e programas de extens\u00e3o e pesquisa vinculados ao Curso de Bacharelado em Museologia e Programa de P\u00f3s-Gradua\u00e7\u00e3o em Museologia e Patrim\u00f4nio da UFRGS.\u00a0A cole\u00e7\u00e3o compreende materiais gr\u00e1ficos gerados para a realiza\u00e7\u00e3o das iniciativas (folder, cat\u00e1logo, livro, anais, convite, entre outros), registros [&hellip;]<\/p>\n","protected":false},"author":10,"featured_media":0,"parent":5061,"menu_order":0,"comment_status":"closed","ping_status":"closed","template":"","meta":{"_monsterinsights_skip_tracking":false,"_monsterinsights_sitenote_active":false,"_monsterinsights_sitenote_note":"","_monsterinsights_sitenote_category":0,"footnotes":""},"class_list":["post-5084","page","type-page","status-publish","hentry"],"aioseo_notices":[],"_links":{"self":[{"href":"https:\/\/memoriamslufrgs.online\/tainacan\/wp-json\/wp\/v2\/pages\/5084","targetHints":{"allow":["GET"]}}],"collection":[{"href":"https:\/\/memoriamslufrgs.online\/tainacan\/wp-json\/wp\/v2\/pages"}],"about":[{"href":"https:\/\/memoriamslufrgs.online\/tainacan\/wp-json\/wp\/v2\/types\/page"}],"author":[{"embeddable":true,"href":"https:\/\/memoriamslufrgs.online\/tainacan\/wp-json\/wp\/v2\/users\/10"}],"replies":[{"embeddable":true,"href":"https:\/\/memoriamslufrgs.online\/tainacan\/wp-json\/wp\/v2\/comments?post=5084"}],"version-history":[{"count":12,"href":"https:\/\/memoriamslufrgs.online\/tainacan\/wp-json\/wp\/v2\/pages\/5084\/revisions"}],"predecessor-version":[{"id":62413,"href":"https:\/\/memoriamslufrgs.online\/tainacan\/wp-json\/wp\/v2\/pages\/5084\/revisions\/62413"}],"up":[{"embeddable":true,"href":"https:\/\/memoriamslufrgs.online\/tainacan\/wp-json\/wp\/v2\/pages\/5061"}],"wp:attachment":[{"href":"https:\/\/memoriamslufrgs.online\/tainacan\/wp-json\/wp\/v2\/media?parent=5084"}],"curies":[{"name":"wp","href":"https:\/\/api.w.org\/{rel}","templated":true}]}}