{"id":5086,"date":"2018-12-12T13:12:31","date_gmt":"2018-12-12T15:12:31","guid":{"rendered":"http:\/\/memoriamslufrgs.online\/tainacan\/?page_id=5086"},"modified":"2023-02-22T09:50:56","modified_gmt":"2023-02-22T12:50:56","slug":"saidas-de-campo","status":"publish","type":"page","link":"https:\/\/memoriamslufrgs.online\/tainacan\/colecao\/saidas-de-campo\/","title":{"rendered":"Sa\u00eddas de campo"},"content":{"rendered":"<p>A <strong>cole\u00e7\u00e3o <em>Sa\u00eddas de campo <\/em>(MSL3) <\/strong>pretende recolher registros das viv\u00eancias promovidas pelas atividades externas realizadas no Curso de Bacharelado em Museologia e Programa de P\u00f3s-Gradua\u00e7\u00e3o em Museologia e Patrim\u00f4nio da UFRGS.&nbsp;A cole\u00e7\u00e3o se prop\u00f5e a mapear e preservar registros fotogr\u00e1ficos, m\u00eddias digitais (grava\u00e7\u00f5es; compila\u00e7\u00f5es audiovisuais), trabalhos derivados das sa\u00eddas de campo, entre outros documentos vinculados \u00e0s experi\u00eancias de campo.<\/p>\n<p>A cole\u00e7\u00e3o ainda est\u00e1 em processo de forma\u00e7\u00e3o e em breve compartilharemos seus itens de informa\u00e7\u00e3o.<\/p>\n","protected":false},"excerpt":{"rendered":"<p>A cole\u00e7\u00e3o Sa\u00eddas de campo (MSL3) pretende recolher registros das viv\u00eancias promovidas pelas atividades externas realizadas no Curso de Bacharelado em Museologia e Programa de P\u00f3s-Gradua\u00e7\u00e3o em Museologia e Patrim\u00f4nio da UFRGS.&nbsp;A cole\u00e7\u00e3o se prop\u00f5e a mapear e preservar registros fotogr\u00e1ficos, m\u00eddias digitais (grava\u00e7\u00f5es; compila\u00e7\u00f5es audiovisuais), trabalhos derivados das sa\u00eddas de campo, entre outros documentos [&hellip;]<\/p>\n","protected":false},"author":10,"featured_media":0,"parent":5061,"menu_order":0,"comment_status":"closed","ping_status":"closed","template":"","meta":{"_monsterinsights_skip_tracking":false,"_monsterinsights_sitenote_active":false,"_monsterinsights_sitenote_note":"","_monsterinsights_sitenote_category":0,"footnotes":""},"class_list":["post-5086","page","type-page","status-publish","hentry"],"aioseo_notices":[],"_links":{"self":[{"href":"https:\/\/memoriamslufrgs.online\/tainacan\/wp-json\/wp\/v2\/pages\/5086","targetHints":{"allow":["GET"]}}],"collection":[{"href":"https:\/\/memoriamslufrgs.online\/tainacan\/wp-json\/wp\/v2\/pages"}],"about":[{"href":"https:\/\/memoriamslufrgs.online\/tainacan\/wp-json\/wp\/v2\/types\/page"}],"author":[{"embeddable":true,"href":"https:\/\/memoriamslufrgs.online\/tainacan\/wp-json\/wp\/v2\/users\/10"}],"replies":[{"embeddable":true,"href":"https:\/\/memoriamslufrgs.online\/tainacan\/wp-json\/wp\/v2\/comments?post=5086"}],"version-history":[{"count":8,"href":"https:\/\/memoriamslufrgs.online\/tainacan\/wp-json\/wp\/v2\/pages\/5086\/revisions"}],"predecessor-version":[{"id":43282,"href":"https:\/\/memoriamslufrgs.online\/tainacan\/wp-json\/wp\/v2\/pages\/5086\/revisions\/43282"}],"up":[{"embeddable":true,"href":"https:\/\/memoriamslufrgs.online\/tainacan\/wp-json\/wp\/v2\/pages\/5061"}],"wp:attachment":[{"href":"https:\/\/memoriamslufrgs.online\/tainacan\/wp-json\/wp\/v2\/media?parent=5086"}],"curies":[{"name":"wp","href":"https:\/\/api.w.org\/{rel}","templated":true}]}}