{"id":5112,"date":"2018-12-12T13:58:58","date_gmt":"2018-12-12T15:58:58","guid":{"rendered":"http:\/\/memoriamslufrgs.online\/tainacan\/?page_id=5112"},"modified":"2023-07-26T11:58:35","modified_gmt":"2023-07-26T14:58:35","slug":"itinerarios","status":"publish","type":"page","link":"https:\/\/memoriamslufrgs.online\/tainacan\/colecao\/itinerarios\/","title":{"rendered":"Itiner\u00e1rios"},"content":{"rendered":"<p>A <a href=\"http:\/\/memoriamslufrgs.online\/tainacan\/itinerarios\/\"><strong>cole\u00e7\u00e3o <em>itiner\u00e1rios <\/em>(MSL6) <\/strong><\/a>prop\u00f5e compartilhar, por meio da coleta de mem\u00f3rias de agentes que possuem rela\u00e7\u00e3o com a Museologia, evid\u00eancias n\u00e3o-oficiais sobre sua trajet\u00f3ria no Curso de Bacharelado em Museologia e\/ou Programa de P\u00f3s-Gradua\u00e7\u00e3o em Museologia e Patrim\u00f4nio da UFRGS.\u00a0<\/p>\n<p>A cole\u00e7\u00e3o possui, at\u00e9 o momento, tr\u00eas subcole\u00e7\u00f5es:<\/p>\n<ol>\n<li><a href=\"https:\/\/memoriamslufrgs.online\/tainacan\/itinerarios\/?view_mode=table&amp;perpage=12&amp;order=ASC&amp;orderby=date&amp;fetch_only_meta=4188%2C4186%2C4178%2C4172%2C4170&amp;taxquery%5B0%5D%5Btaxonomy%5D=tnc_tax_4199&amp;taxquery%5B0%5D%5Bterms%5D%5B0%5D=833&amp;taxquery%5B0%5D%5Bcompare%5D=IN&amp;paged=1&amp;fetch_only=thumbnail\">Afetividades sonoras<\/a>, projeto que prop\u00f5e que os alunos, egressos, professores e t\u00e9cnicos-administrativos do Curso de Bacharelado em Museologia e Programa de P\u00f3s-Gradua\u00e7\u00e3o em Museologia e Patrim\u00f4nio da UFRGS doem mem\u00f3rias sobre sua rela\u00e7\u00e3o com a Museologia UFRGS.<\/li>\n<li><a href=\"https:\/\/memoriamslufrgs.online\/tainacan\/itinerarios\/?view_mode=table&amp;perpage=12&amp;paged=1&amp;order=ASC&amp;orderby=date&amp;fetch_only=thumbnail&amp;fetch_only_meta=4188%2C4186%2C4178%2C4172%2C4170&amp;taxquery%5B0%5D%5Btaxonomy%5D=tnc_tax_4199&amp;taxquery%5B0%5D%5Bterms%5D%5B0%5D=921&amp;taxquery%5B0%5D%5Bcompare%5D=IN\">Memoriais<\/a>, reunindo a produ\u00e7\u00e3o de memoriais de docentes do Curso de Bacharelado em Museologia e Programa de P\u00f3s-Gradua\u00e7\u00e3o em Museologia e Patrim\u00f4nio da UFRGS para fins de promo\u00e7\u00e3o a professor titular DCI\/FABICO\/UFRGS.<\/li>\n<li><a href=\"https:\/\/memoriamslufrgs.online\/tainacan\/itinerarios\/?order=ASC&amp;orderby=date&amp;view_mode=table&amp;perpage=12&amp;fetch_only_meta=4188%2C4186%2C4178%2C4172%2C4170&amp;taxquery%5B0%5D%5Btaxonomy%5D=tnc_tax_4199&amp;taxquery%5B0%5D%5Bterms%5D%5B0%5D=972&amp;taxquery%5B0%5D%5Bcompare%5D=IN&amp;paged=1&amp;fetch_only=thumbnail\">Nos bastidores da Museologia: sele\u00e7\u00e3o de entrevistas<\/a>, realizadas a partir da metodologia da Hist\u00f3ria Oral. A subcole\u00e7\u00e3o gera fontes prim\u00e1rias para futuras investiga\u00e7\u00f5es a partir dos projetos de pesquisa\u00a0<em>Observat\u00f3rio Museologia\/UFRGS: trajet\u00f3rias e mem\u00f3rias<\/em> e <em>Hist\u00f3ria dos museus e da Museologia a partir da atua\u00e7\u00e3o de seus agentes,<\/em>certificados pela Plataforma Brasil sob os c\u00f3digos CAAE: 59281922.1.0000.5347 e CAAE 58646822.5.0000.5347, respectivamente.\u00a0<\/li>\n<\/ol>\n\n\n<p><\/p>\n\n\n\n<p><\/p>\n","protected":false},"excerpt":{"rendered":"<p>A cole\u00e7\u00e3o itiner\u00e1rios (MSL6) prop\u00f5e compartilhar, por meio da coleta de mem\u00f3rias de agentes que possuem rela\u00e7\u00e3o com a Museologia, evid\u00eancias n\u00e3o-oficiais sobre sua trajet\u00f3ria no Curso de Bacharelado em Museologia e\/ou Programa de P\u00f3s-Gradua\u00e7\u00e3o em Museologia e Patrim\u00f4nio da UFRGS.\u00a0 A cole\u00e7\u00e3o possui, at\u00e9 o momento, tr\u00eas subcole\u00e7\u00f5es: Afetividades sonoras, projeto que prop\u00f5e que [&hellip;]<\/p>\n","protected":false},"author":10,"featured_media":0,"parent":5061,"menu_order":0,"comment_status":"closed","ping_status":"closed","template":"","meta":{"_monsterinsights_skip_tracking":false,"_monsterinsights_sitenote_active":false,"_monsterinsights_sitenote_note":"","_monsterinsights_sitenote_category":0,"footnotes":""},"class_list":["post-5112","page","type-page","status-publish","hentry"],"aioseo_notices":[],"_links":{"self":[{"href":"https:\/\/memoriamslufrgs.online\/tainacan\/wp-json\/wp\/v2\/pages\/5112","targetHints":{"allow":["GET"]}}],"collection":[{"href":"https:\/\/memoriamslufrgs.online\/tainacan\/wp-json\/wp\/v2\/pages"}],"about":[{"href":"https:\/\/memoriamslufrgs.online\/tainacan\/wp-json\/wp\/v2\/types\/page"}],"author":[{"embeddable":true,"href":"https:\/\/memoriamslufrgs.online\/tainacan\/wp-json\/wp\/v2\/users\/10"}],"replies":[{"embeddable":true,"href":"https:\/\/memoriamslufrgs.online\/tainacan\/wp-json\/wp\/v2\/comments?post=5112"}],"version-history":[{"count":15,"href":"https:\/\/memoriamslufrgs.online\/tainacan\/wp-json\/wp\/v2\/pages\/5112\/revisions"}],"predecessor-version":[{"id":47182,"href":"https:\/\/memoriamslufrgs.online\/tainacan\/wp-json\/wp\/v2\/pages\/5112\/revisions\/47182"}],"up":[{"embeddable":true,"href":"https:\/\/memoriamslufrgs.online\/tainacan\/wp-json\/wp\/v2\/pages\/5061"}],"wp:attachment":[{"href":"https:\/\/memoriamslufrgs.online\/tainacan\/wp-json\/wp\/v2\/media?parent=5112"}],"curies":[{"name":"wp","href":"https:\/\/api.w.org\/{rel}","templated":true}]}}