{"id":5114,"date":"2018-12-12T14:00:33","date_gmt":"2018-12-12T16:00:33","guid":{"rendered":"http:\/\/memoriamslufrgs.online\/tainacan\/?page_id=5114"},"modified":"2024-03-08T16:41:17","modified_gmt":"2024-03-08T19:41:17","slug":"ensino","status":"publish","type":"page","link":"https:\/\/memoriamslufrgs.online\/tainacan\/colecao\/ensino\/","title":{"rendered":"Ensino"},"content":{"rendered":"<p>A <a href=\"http:\/\/memoriamslufrgs.online\/tainacan\/ensino\/#\/\"><strong>c<\/strong><strong>ole\u00e7\u00e3o <em>ensino <\/em>(MSL7)<\/strong><\/a> compreende o patrim\u00f4nio e as pr\u00e1ticas educativas constitu\u00eddas no decorrer do Curso de Bacharelado em Museologia e Programa de P\u00f3s-Gradua\u00e7\u00e3o em Museologia e Patrim\u00f4nio da UFRGS. Muitas s\u00e3o as atividades de ensino desenvolvidas nas disciplinas obrigat\u00f3rias e eletivas, a exemplo de mostras expogr\u00e1ficas, document\u00e1rios, dossi\u00eas. A cole\u00e7\u00e3o tamb\u00e9m abrange ind\u00edcios do processo de ensino-aprendizagem, a exemplo de cadernos e an\u00fancios de aulas abertas vinculadas \u00e0s disciplinas.<\/p>\n<p>A cole\u00e7\u00e3o possui, at\u00e9 o momento, tr\u00eas subcole\u00e7\u00f5es:<\/p>\n<p><a href=\"https:\/\/memoriamslufrgs.online\/tainacan\/ensino\/?view_mode=records&amp;perpage=12&amp;paged=1&amp;order=ASC&amp;orderby=date&amp;fetch_only=thumbnail&amp;fetch_only_meta=1571%2C1572%2C1575%2C3454%2C3458&amp;taxquery%5B0%5D%5Btaxonomy%5D=tnc_tax_3915&amp;taxquery%5B0%5D%5Bterms%5D%5B0%5D=660&amp;taxquery%5B0%5D%5Bcompare%5D=IN\"><strong>Trabalhos de Conclus\u00e3o de Curso*<\/strong><\/a>, com a apresenta\u00e7\u00e3o das monografias defendidas pelos egressos do Curso de Bacharelado em Museologia da UFRGS.<\/p>\n<p><strong><a href=\"https:\/\/memoriamslufrgs.online\/tainacan\/ensino\/?view_mode=records&amp;perpage=12&amp;paged=1&amp;order=ASC&amp;orderby=date&amp;fetch_only=thumbnail&amp;fetch_only_meta=1571%2C1572%2C1575%2C3454%2C3458&amp;taxquery%5B0%5D%5Btaxonomy%5D=tnc_tax_3915&amp;taxquery%5B0%5D%5Bterms%5D%5B0%5D=772&amp;taxquery%5B0%5D%5Bcompare%5D=IN\">Disserta\u00e7\u00f5es PPGMUSPA*<\/a><\/strong>, com a apresenta\u00e7\u00e3o das disserta\u00e7\u00f5es defendidas pelos egressos do Programa de P\u00f3s-Gradua\u00e7\u00e3o em Museologia e Patrim\u00f4nio da UFRGS.<\/p>\n<p><strong><a href=\"https:\/\/memoriamslufrgs.online\/tainacan\/ensino\/?view_mode=records&amp;perpage=12&amp;order=ASC&amp;orderby=date&amp;fetch_only_meta=1571%2C1572%2C1575%2C3454%2C3458&amp;taxquery%5B0%5D%5Btaxonomy%5D=tnc_tax_3915&amp;taxquery%5B0%5D%5Bterms%5D%5B0%5D=1041&amp;taxquery%5B0%5D%5Bcompare%5D=IN&amp;paged=1&amp;fetch_only=thumbnail\">Disciplina Comunica\u00e7\u00e3o em Museus &#8211; Podcasts<\/a>,<\/strong> concentrando o resultado de duas temporadas de sua pr\u00e1tica de ensino &#8211; o Podcast Conversa de Museu, produ\u00e7\u00e3o realizada em 2022 e 2023 por alunos da disciplina de Comunica\u00e7\u00e3o em Museus do Curso de Museologia da UFRGS.<\/p>\n<p>*Ambas subcole\u00e7\u00f5es vinculam-se ao <a href=\"https:\/\/lume.ufrgs.br\/discover\">Reposit\u00f3rio Digital Lume da UFRGS<\/a>. Nessas subcole\u00e7\u00f5es o projeto de pesquisa\u00a0<strong>Observat\u00f3rio Museologia\/UFRGS: trajet\u00f3rias e mem\u00f3rias <\/strong>tem mapeado a trajet\u00f3ria discente dos estudantes de gradua\u00e7\u00e3o e p\u00f3s-gradua\u00e7\u00e3o durante o processo de forma\u00e7\u00e3o e na condi\u00e7\u00e3o de egresso\/profissional do campo museal. Os dados coletados tornam-se fontes prim\u00e1rias para estudos de autoavalia\u00e7\u00e3o do Curso de Bacharelado em Museologia e Programa de P\u00f3s-Gradua\u00e7\u00e3o em Museologia e Patrim\u00f4nio da UFRGS.<\/p>\n","protected":false},"excerpt":{"rendered":"<p>A cole\u00e7\u00e3o ensino (MSL7) compreende o patrim\u00f4nio e as pr\u00e1ticas educativas constitu\u00eddas no decorrer do Curso de Bacharelado em Museologia e Programa de P\u00f3s-Gradua\u00e7\u00e3o em Museologia e Patrim\u00f4nio da UFRGS. Muitas s\u00e3o as atividades de ensino desenvolvidas nas disciplinas obrigat\u00f3rias e eletivas, a exemplo de mostras expogr\u00e1ficas, document\u00e1rios, dossi\u00eas. A cole\u00e7\u00e3o tamb\u00e9m abrange ind\u00edcios do [&hellip;]<\/p>\n","protected":false},"author":10,"featured_media":0,"parent":5061,"menu_order":0,"comment_status":"closed","ping_status":"closed","template":"","meta":{"_monsterinsights_skip_tracking":false,"_monsterinsights_sitenote_active":false,"_monsterinsights_sitenote_note":"","_monsterinsights_sitenote_category":0,"footnotes":""},"class_list":["post-5114","page","type-page","status-publish","hentry"],"aioseo_notices":[],"_links":{"self":[{"href":"https:\/\/memoriamslufrgs.online\/tainacan\/wp-json\/wp\/v2\/pages\/5114","targetHints":{"allow":["GET"]}}],"collection":[{"href":"https:\/\/memoriamslufrgs.online\/tainacan\/wp-json\/wp\/v2\/pages"}],"about":[{"href":"https:\/\/memoriamslufrgs.online\/tainacan\/wp-json\/wp\/v2\/types\/page"}],"author":[{"embeddable":true,"href":"https:\/\/memoriamslufrgs.online\/tainacan\/wp-json\/wp\/v2\/users\/10"}],"replies":[{"embeddable":true,"href":"https:\/\/memoriamslufrgs.online\/tainacan\/wp-json\/wp\/v2\/comments?post=5114"}],"version-history":[{"count":12,"href":"https:\/\/memoriamslufrgs.online\/tainacan\/wp-json\/wp\/v2\/pages\/5114\/revisions"}],"predecessor-version":[{"id":66453,"href":"https:\/\/memoriamslufrgs.online\/tainacan\/wp-json\/wp\/v2\/pages\/5114\/revisions\/66453"}],"up":[{"embeddable":true,"href":"https:\/\/memoriamslufrgs.online\/tainacan\/wp-json\/wp\/v2\/pages\/5061"}],"wp:attachment":[{"href":"https:\/\/memoriamslufrgs.online\/tainacan\/wp-json\/wp\/v2\/media?parent=5114"}],"curies":[{"name":"wp","href":"https:\/\/api.w.org\/{rel}","templated":true}]}}