{"id":5180,"date":"2018-12-12T15:54:58","date_gmt":"2018-12-12T17:54:58","guid":{"rendered":"http:\/\/memoriamslufrgs.online\/tainacan\/?page_id=5180"},"modified":"2024-03-01T12:34:11","modified_gmt":"2024-03-01T15:34:11","slug":"equipe","status":"publish","type":"page","link":"https:\/\/memoriamslufrgs.online\/tainacan\/equipe\/","title":{"rendered":"Equipe"},"content":{"rendered":"<p><strong>Equipe do programa de extens\u00e3o <em>Museologia na UFRGS: Trajet\u00f3rias e Mem\u00f3rias<\/em> no ano de 2024<\/strong><\/p>\n<p><strong>Pesquisadoras(es) &#8211; Servidoras Docentes:<\/strong><\/p>\n<p><a href=\"http:\/\/lattes.cnpq.br\/9506092922437967\">Ana Carolina Gelmini de Faria<\/a><\/p>\n<p><a href=\"http:\/\/lattes.cnpq.br\/8031241803416353\">Ana Celina Figueira da Silva<\/a><\/p>\n<p><a href=\"http:\/\/lattes.cnpq.br\/2326349072451464\">Marlise Maria Giovanaz<\/a><\/p>\n<p><a href=\"http:\/\/lattes.cnpq.br\/1467903850539509\">Vanessa Barrozo Teixeira Aquino<\/a><\/p>\n<p><strong>Pesquisadoras(es) &#8211; Servidoras(es) t\u00e9cnico-administrativos:<\/strong><\/p>\n<p><a href=\"http:\/\/lattes.cnpq.br\/1117529652105247\">Bruna Argenta Model<\/a><\/p>\n<p><a href=\"http:\/\/lattes.cnpq.br\/4092338988981516\">Elias Palminor Machado<\/a><\/p>\n<p><a href=\"http:\/\/lattes.cnpq.br\/7100695121971421\">Joseane Maria G\u00f3es Lima <\/a><\/p>\n<p><strong>Pesquisadoras(es) &#8211; Programa de P\u00f3s-Gradua\u00e7\u00e3o em Museologia e Patrim\u00f4nio<\/strong>:<\/p>\n<p><a href=\"http:\/\/lattes.cnpq.br\/5332339679023449\">Diogo Santos Gomes<\/a><\/p>\n<p><a href=\"http:\/\/lattes.cnpq.br\/4053491867122804\">Lizandra Caon Bittencourt<\/a><\/p>\n<p><a href=\"http:\/\/lattes.cnpq.br\/6979923143053951\">Patr\u00edcia\u00a0Gabriela Machado Barbosa<\/a><\/p>\n<p><a href=\"http:\/\/lattes.cnpq.br\/6858659821735823\">S\u00e9rgio Luiz Valentim Junior<\/a><\/p>\n<p><strong>Pesquisadoras(es) &#8211; externos:<\/strong><\/p>\n<p><a href=\"http:\/\/lattes.cnpq.br\/4374044731385579\">Lourdes Maria Agnes<\/a><\/p>\n<p><a href=\"http:\/\/lattes.cnpq.br\/5452176528487143\">Vin\u00edcius Bard Mathias de Souza<\/a><\/p>\n<p><strong>Bolsista UFRGS:<\/strong><\/p>\n<p><a href=\"http:\/\/lattes.cnpq.br\/4096521043887731\">Maria Eduarda Bergmann Hentschke de Aguiar<\/a><\/p>\n<p><strong>Volunt\u00e1rias\/os:<\/strong><\/p>\n<p>Bacharelado em Museologia:<\/p>\n<p><a href=\"http:\/\/lattes.cnpq.br\/5812218005991281\">Felipe Mendon\u00e7a Pirovano<\/a><\/p>\n<p><a href=\"http:\/\/lattes.cnpq.br\/4245967897224454\">Klara Maciel Albarenque<\/a><\/p>\n<p>Maria Cec\u00edlia Garay Tamayo<\/p>\n<p><strong>Est\u00e1gio curricular obrigat\u00f3rio:<\/strong><\/p>\n<p>&#8211;<\/p>\n<p><strong>Equipe do projeto de pesquisa <em>Observat\u00f3rio<\/em> <em>Museologia UFRGS: Trajet\u00f3rias e Mem\u00f3rias<\/em> no ano de 2023<\/strong><\/p>\n<p><strong>Pesquisadoras(es) &#8211; Servidores Docentes:<\/strong><\/p>\n<p><a href=\"http:\/\/lattes.cnpq.br\/9506092922437967\">Ana Carolina Gelmini de Faria<\/a><\/p>\n<p><a href=\"http:\/\/lattes.cnpq.br\/8031241803416353\">Ana Celina Figueira da Silva<\/a><\/p>\n<p><a href=\"http:\/\/lattes.cnpq.br\/0021097219717303\">M\u00e1rcia Regina Bertotto<\/a><\/p>\n<p><a href=\"http:\/\/lattes.cnpq.br\/2326349072451464\">Marlise Maria Giovanaz<\/a><\/p>\n<p><a href=\"http:\/\/lattes.cnpq.br\/1467903850539509\">Vanessa Barrozo Teixeira Aquino<\/a><\/p>\n<p><strong>Pesquisadoras(es) &#8211; Servidores t\u00e9cnico-administrativos:<\/strong><\/p>\n<p><a href=\"http:\/\/lattes.cnpq.br\/1117529652105247\">Bruna Argenta Model<\/a><\/p>\n<p><a href=\"http:\/\/lattes.cnpq.br\/7100695121971421\">Joseane Maria G\u00f3es Lima<\/a><\/p>\n<p><strong>Pesquisadoras(es) &#8211; Programa de P\u00f3s-Gradua\u00e7\u00e3o em Museologia e Patrim\u00f4nio<\/strong>:<\/p>\n<p><a href=\"http:\/\/lattes.cnpq.br\/5332339679023449\">Diogo Gomes<\/a><\/p>\n<p><a href=\"http:\/\/lattes.cnpq.br\/4053491867122804\">Lizandra Caon Bittencourt<\/a><\/p>\n<p><a href=\"http:\/\/lattes.cnpq.br\/6979923143053951\">Patr\u00edcia\u00a0Gabriela Machado Barbosa<\/a><\/p>\n<p><strong>Pesquisadoras(es) &#8211; externos:<\/strong><\/p>\n<p><a href=\"http:\/\/lattes.cnpq.br\/4374044731385579\">Lourdes Maria Agnes<\/a><\/p>\n<p><strong>Bolsista IC\/CNPQ:<\/strong><\/p>\n<p><a href=\"http:\/\/lattes.cnpq.br\/9525840612122298\">Adelaide Donini Ramos<\/a><\/p>\n<p><strong>Agradecemos<\/strong> <strong>a todas(os) que contribu\u00edram desde o in\u00edcio do programa como volunt\u00e1rias(os), bolsistas e pesquisadoras(es):<\/strong><\/p>\n<p><a href=\"http:\/\/lattes.cnpq.br\/8748084568226606\">Alahna Santos da Rosa<\/a> (2017-2022)<\/p>\n<p><a href=\"http:\/\/lattes.cnpq.br\/2702665797465026\">Alexya Gon\u00e7alves Donat<\/a> (2022)<\/p>\n<p>Al\u00edcia Manoela dos Santos Kern (2019)<\/p>\n<p><a href=\"http:\/\/lattes.cnpq.br\/2985872855513365\">Amanda Donay dos Santos<\/a> (2019)<\/p>\n<p>Ana Paula Machado da Silva (2018)<\/p>\n<p><a href=\"http:\/\/lattes.cnpq.br\/5431785305361988\">Anamaria Teixeira da Rosa<\/a> (2018-2020)<\/p>\n<p><a href=\"http:\/\/lattes.cnpq.br\/3683695787799100\">Bruna Patr\u00edcia Martin de Abreu<\/a> (2021)<\/p>\n<p><a href=\"http:\/\/lattes.cnpq.br\/1897167540061948\">Gabriela Machado Leindecker<\/a> (2019)<\/p>\n<p><a href=\"http:\/\/lattes.cnpq.br\/1991208472616105\">Luis Fernando Herbert Massoni<\/a> (2023)<\/p>\n<p><a href=\"http:\/\/lattes.cnpq.br\/2415131290941628\">Marceli de Castro Gonsioroski<\/a> (2020)<\/p>\n<p><a href=\"http:\/\/lattes.cnpq.br\/6851194114095378\">Priscila Chagas Oliveira<\/a> (2017-2021)<\/p>\n<p><a href=\"http:\/\/lattes.cnpq.br\/2001571532576903\">Rafaela Marques Mineiro<\/a> (2022-2023)<\/p>\n<p><a href=\"http:\/\/lattes.cnpq.br\/3589992461432120\">Vict\u00f3ria Lima Hornos<\/a> (2018-2019)<\/p>\n<p><a href=\"http:\/\/lattes.cnpq.br\/1414723590916389\">Vit\u00f3ria Werlang Girald <\/a>(2022)<\/p>\n","protected":false},"excerpt":{"rendered":"<p>Equipe do programa de extens\u00e3o Museologia na UFRGS: Trajet\u00f3rias e Mem\u00f3rias no ano de 2024 Pesquisadoras(es) &#8211; Servidoras Docentes: Ana Carolina Gelmini de Faria Ana Celina Figueira da Silva Marlise Maria Giovanaz Vanessa Barrozo Teixeira Aquino Pesquisadoras(es) &#8211; Servidoras(es) t\u00e9cnico-administrativos: Bruna Argenta Model Elias Palminor Machado Joseane Maria G\u00f3es Lima Pesquisadoras(es) &#8211; Programa de P\u00f3s-Gradua\u00e7\u00e3o [&hellip;]<\/p>\n","protected":false},"author":10,"featured_media":0,"parent":0,"menu_order":0,"comment_status":"closed","ping_status":"closed","template":"","meta":{"_monsterinsights_skip_tracking":false,"_monsterinsights_sitenote_active":false,"_monsterinsights_sitenote_note":"","_monsterinsights_sitenote_category":0,"footnotes":""},"class_list":["post-5180","page","type-page","status-publish","hentry"],"aioseo_notices":[],"_links":{"self":[{"href":"https:\/\/memoriamslufrgs.online\/tainacan\/wp-json\/wp\/v2\/pages\/5180","targetHints":{"allow":["GET"]}}],"collection":[{"href":"https:\/\/memoriamslufrgs.online\/tainacan\/wp-json\/wp\/v2\/pages"}],"about":[{"href":"https:\/\/memoriamslufrgs.online\/tainacan\/wp-json\/wp\/v2\/types\/page"}],"author":[{"embeddable":true,"href":"https:\/\/memoriamslufrgs.online\/tainacan\/wp-json\/wp\/v2\/users\/10"}],"replies":[{"embeddable":true,"href":"https:\/\/memoriamslufrgs.online\/tainacan\/wp-json\/wp\/v2\/comments?post=5180"}],"version-history":[{"count":21,"href":"https:\/\/memoriamslufrgs.online\/tainacan\/wp-json\/wp\/v2\/pages\/5180\/revisions"}],"predecessor-version":[{"id":62420,"href":"https:\/\/memoriamslufrgs.online\/tainacan\/wp-json\/wp\/v2\/pages\/5180\/revisions\/62420"}],"wp:attachment":[{"href":"https:\/\/memoriamslufrgs.online\/tainacan\/wp-json\/wp\/v2\/media?parent=5180"}],"curies":[{"name":"wp","href":"https:\/\/api.w.org\/{rel}","templated":true}]}}